{"id":4601,"date":"2026-02-13T10:19:22","date_gmt":"2026-02-13T10:19:22","guid":{"rendered":"https:\/\/ro-enfance.wild-webdev.com\/?post_type=product&#038;p=4601"},"modified":"2026-02-13T10:20:39","modified_gmt":"2026-02-13T10:20:39","slug":"chanceliere-siege-auto-noir","status":"publish","type":"product","link":"https:\/\/ro-enfance.wild-webdev.com\/en\/product\/chanceliere-siege-auto-noir\/","title":{"rendered":"Chanceli\u00e8re si\u00e8ge auto Noir"},"content":{"rendered":"<p>Chanceli\u00e8re 3 en 1 : L&#8217;accessoire indispensable pour le confort de b\u00e9b\u00e9 en hiver.<\/p>\n<p>Offrez \u00e0 votre b\u00e9b\u00e9 le confort ultime avec notre Chanceli\u00e8re 3 en 1, sp\u00e9cialement con\u00e7ue pour s&#8217;adapter \u00e0 toutes les saisons. Gr\u00e2ce \u00e0 ses \u00e9l\u00e9ments modulables, cette chanceli\u00e8re s&#8217;ajuste facilement aux besoins de votre enfant avec une capuche et des couvre-jambes amovibles. La Chanceli\u00e8re 3 en 1 est dot\u00e9e d&#8217;une doublure en polaire douce et d&#8217;une ouate souple de 300 grammes (TOG 6), garantissant une chaleur enveloppante et un confort maximal \u00e0 votre b\u00e9b\u00e9, m\u00eame par temps froid.<\/p>\n<p>Fabriqu\u00e9e avec une mati\u00e8re isolante de haute qualit\u00e9, cette chanceli\u00e8re pr\u00e9sente un tissu ext\u00e9rieur coupe-vent et respirant. Elle assure une protection contre les intemp\u00e9ries tout en \u00e9vacuant efficacement l&#8217;humidit\u00e9 interne pour maintenir votre b\u00e9b\u00e9 au sec et \u00e0 l&#8217;aise. L&#8217;installation de la chanceli\u00e8re est simple et s\u00e9curis\u00e9e gr\u00e2ce \u00e0 ses fixations \u00e9lastiques et son passage pour harnais 3 et 5 points. Vous pouvez installer et retirer la chanceli\u00e8re en un clin d&#8217;\u0153il, tout en assurant la s\u00e9curit\u00e9 de votre enfant.<\/p>\n<p>Compatible avec tous les si\u00e8ges-auto du groupe 0-12 mois, la Chanceli\u00e8re 3 en 1 est l&#8217;accessoire id\u00e9al pour tous vos d\u00e9placements. Sa polyvalence et sa praticit\u00e9 en font un choix incontournable pour les parents soucieux du bien-\u00eatre de leur b\u00e9b\u00e9.<\/p>\n","protected":false},"excerpt":{"rendered":"<p>Cette chaise en bois pour enfant offre une assise comfortable et s\u00e9curis\u00e9e. Anti-basculement, avec dossier anatomique et en bois de h\u00eatre reconnu pour sa robustesse, elle conquiert petits et grands.<\/p>\n","protected":false},"featured_media":4489,"template":"","meta":{"_acf_changed":false},"product_brand":[],"product_cat":[610,611],"product_tag":[],"class_list":{"0":"post-4601","1":"product","2":"type-product","3":"status-publish","4":"has-post-thumbnail","6":"product_cat-sorties-en","7":"product_cat-porte-bebe-en","9":"first","10":"instock","11":"purchasable","12":"product-type-simple"},"acf":[],"yoast_head":"<!-- This site is optimized with the Yoast SEO plugin v27.3 - https:\/\/yoast.com\/product\/yoast-seo-wordpress\/ -->\n<title>Chanceli\u00e8re si\u00e8ge auto Noir - Round Office Petite enfance<\/title>\n<meta name=\"robots\" content=\"noindex, follow, max-snippet:-1, max-image-preview:large, max-video-preview:-1\" \/>\n<meta property=\"og:locale\" content=\"en_US\" \/>\n<meta property=\"og:type\" content=\"article\" \/>\n<meta property=\"og:title\" content=\"Chanceli\u00e8re si\u00e8ge auto Noir - Round Office Petite enfance\" \/>\n<meta property=\"og:description\" content=\"Cette chaise en bois pour enfant offre une assise comfortable et s\u00e9curis\u00e9e. Anti-basculement, avec dossier anatomique et en bois de h\u00eatre reconnu pour sa robustesse, elle conquiert petits et grands.\" \/>\n<meta property=\"og:url\" content=\"https:\/\/ro-enfance.wild-webdev.com\/en\/product\/chanceliere-siege-auto-noir\/\" \/>\n<meta property=\"og:site_name\" content=\"Round Office Petite enfance\" \/>\n<meta property=\"article:modified_time\" content=\"2026-02-13T10:20:39+00:00\" \/>\n<meta property=\"og:image\" content=\"https:\/\/ro-enfance.wild-webdev.com\/wp-content\/uploads\/2025\/08\/Chanceliere-siege-auto-Noir.jpg\" \/>\n\t<meta property=\"og:image:width\" content=\"800\" \/>\n\t<meta property=\"og:image:height\" content=\"800\" \/>\n\t<meta property=\"og:image:type\" content=\"image\/jpeg\" \/>\n<meta name=\"twitter:card\" content=\"summary_large_image\" \/>\n<meta name=\"twitter:label1\" content=\"Est. reading time\" \/>\n\t<meta name=\"twitter:data1\" content=\"2 minutes\" \/>\n<script type=\"application\/ld+json\" class=\"yoast-schema-graph\">{\"@context\":\"https:\\\/\\\/schema.org\",\"@graph\":[{\"@type\":\"WebPage\",\"@id\":\"https:\\\/\\\/ro-enfance.wild-webdev.com\\\/en\\\/product\\\/chanceliere-siege-auto-noir\\\/\",\"url\":\"https:\\\/\\\/ro-enfance.wild-webdev.com\\\/en\\\/product\\\/chanceliere-siege-auto-noir\\\/\",\"name\":\"Chanceli\u00e8re si\u00e8ge auto Noir - Round Office Petite enfance\",\"isPartOf\":{\"@id\":\"https:\\\/\\\/ro-enfance.wild-webdev.com\\\/en\\\/#website\"},\"primaryImageOfPage\":{\"@id\":\"https:\\\/\\\/ro-enfance.wild-webdev.com\\\/en\\\/product\\\/chanceliere-siege-auto-noir\\\/#primaryimage\"},\"image\":{\"@id\":\"https:\\\/\\\/ro-enfance.wild-webdev.com\\\/en\\\/product\\\/chanceliere-siege-auto-noir\\\/#primaryimage\"},\"thumbnailUrl\":\"https:\\\/\\\/ro-enfance.wild-webdev.com\\\/wp-content\\\/uploads\\\/2025\\\/08\\\/Chanceliere-siege-auto-Noir.jpg\",\"datePublished\":\"2026-02-13T10:19:22+00:00\",\"dateModified\":\"2026-02-13T10:20:39+00:00\",\"breadcrumb\":{\"@id\":\"https:\\\/\\\/ro-enfance.wild-webdev.com\\\/en\\\/product\\\/chanceliere-siege-auto-noir\\\/#breadcrumb\"},\"inLanguage\":\"en-US\",\"potentialAction\":[{\"@type\":\"ReadAction\",\"target\":[\"https:\\\/\\\/ro-enfance.wild-webdev.com\\\/en\\\/product\\\/chanceliere-siege-auto-noir\\\/\"]}]},{\"@type\":\"ImageObject\",\"inLanguage\":\"en-US\",\"@id\":\"https:\\\/\\\/ro-enfance.wild-webdev.com\\\/en\\\/product\\\/chanceliere-siege-auto-noir\\\/#primaryimage\",\"url\":\"https:\\\/\\\/ro-enfance.wild-webdev.com\\\/wp-content\\\/uploads\\\/2025\\\/08\\\/Chanceliere-siege-auto-Noir.jpg\",\"contentUrl\":\"https:\\\/\\\/ro-enfance.wild-webdev.com\\\/wp-content\\\/uploads\\\/2025\\\/08\\\/Chanceliere-siege-auto-Noir.jpg\",\"width\":800,\"height\":800},{\"@type\":\"BreadcrumbList\",\"@id\":\"https:\\\/\\\/ro-enfance.wild-webdev.com\\\/en\\\/product\\\/chanceliere-siege-auto-noir\\\/#breadcrumb\",\"itemListElement\":[{\"@type\":\"ListItem\",\"position\":1,\"name\":\"Home\",\"item\":\"https:\\\/\\\/ro-enfance.wild-webdev.com\\\/en\\\/\"},{\"@type\":\"ListItem\",\"position\":2,\"name\":\"Shop\",\"item\":\"https:\\\/\\\/ro-enfance.wild-webdev.com\\\/en\\\/shop\\\/\"},{\"@type\":\"ListItem\",\"position\":3,\"name\":\"Chanceli\u00e8re si\u00e8ge auto Noir\"}]},{\"@type\":\"WebSite\",\"@id\":\"https:\\\/\\\/ro-enfance.wild-webdev.com\\\/en\\\/#website\",\"url\":\"https:\\\/\\\/ro-enfance.wild-webdev.com\\\/en\\\/\",\"name\":\"Round Office Petite enfance\",\"description\":\"\",\"publisher\":{\"@id\":\"https:\\\/\\\/ro-enfance.wild-webdev.com\\\/en\\\/#organization\"},\"potentialAction\":[{\"@type\":\"SearchAction\",\"target\":{\"@type\":\"EntryPoint\",\"urlTemplate\":\"https:\\\/\\\/ro-enfance.wild-webdev.com\\\/en\\\/?s={search_term_string}\"},\"query-input\":{\"@type\":\"PropertyValueSpecification\",\"valueRequired\":true,\"valueName\":\"search_term_string\"}}],\"inLanguage\":\"en-US\"},{\"@type\":\"Organization\",\"@id\":\"https:\\\/\\\/ro-enfance.wild-webdev.com\\\/en\\\/#organization\",\"name\":\"Round Office Petite enfance\",\"url\":\"https:\\\/\\\/ro-enfance.wild-webdev.com\\\/en\\\/\",\"logo\":{\"@type\":\"ImageObject\",\"inLanguage\":\"en-US\",\"@id\":\"https:\\\/\\\/ro-enfance.wild-webdev.com\\\/en\\\/#\\\/schema\\\/logo\\\/image\\\/\",\"url\":\"https:\\\/\\\/ro-enfance.wild-webdev.com\\\/wp-content\\\/uploads\\\/2025\\\/07\\\/ro-pe-logo.png\",\"contentUrl\":\"https:\\\/\\\/ro-enfance.wild-webdev.com\\\/wp-content\\\/uploads\\\/2025\\\/07\\\/ro-pe-logo.png\",\"width\":1622,\"height\":429,\"caption\":\"Round Office Petite enfance\"},\"image\":{\"@id\":\"https:\\\/\\\/ro-enfance.wild-webdev.com\\\/en\\\/#\\\/schema\\\/logo\\\/image\\\/\"}}]}<\/script>\n<!-- \/ Yoast SEO plugin. -->","yoast_head_json":{"title":"Chanceli\u00e8re si\u00e8ge auto Noir - Round Office Petite enfance","robots":{"index":"noindex","follow":"follow","max-snippet":"max-snippet:-1","max-image-preview":"max-image-preview:large","max-video-preview":"max-video-preview:-1"},"og_locale":"en_US","og_type":"article","og_title":"Chanceli\u00e8re si\u00e8ge auto Noir - Round Office Petite enfance","og_description":"Cette chaise en bois pour enfant offre une assise comfortable et s\u00e9curis\u00e9e. Anti-basculement, avec dossier anatomique et en bois de h\u00eatre reconnu pour sa robustesse, elle conquiert petits et grands.","og_url":"https:\/\/ro-enfance.wild-webdev.com\/en\/product\/chanceliere-siege-auto-noir\/","og_site_name":"Round Office Petite enfance","article_modified_time":"2026-02-13T10:20:39+00:00","og_image":[{"width":800,"height":800,"url":"https:\/\/ro-enfance.wild-webdev.com\/wp-content\/uploads\/2025\/08\/Chanceliere-siege-auto-Noir.jpg","type":"image\/jpeg"}],"twitter_card":"summary_large_image","twitter_misc":{"Est. reading time":"2 minutes"},"schema":{"@context":"https:\/\/schema.org","@graph":[{"@type":"WebPage","@id":"https:\/\/ro-enfance.wild-webdev.com\/en\/product\/chanceliere-siege-auto-noir\/","url":"https:\/\/ro-enfance.wild-webdev.com\/en\/product\/chanceliere-siege-auto-noir\/","name":"Chanceli\u00e8re si\u00e8ge auto Noir - Round Office Petite enfance","isPartOf":{"@id":"https:\/\/ro-enfance.wild-webdev.com\/en\/#website"},"primaryImageOfPage":{"@id":"https:\/\/ro-enfance.wild-webdev.com\/en\/product\/chanceliere-siege-auto-noir\/#primaryimage"},"image":{"@id":"https:\/\/ro-enfance.wild-webdev.com\/en\/product\/chanceliere-siege-auto-noir\/#primaryimage"},"thumbnailUrl":"https:\/\/ro-enfance.wild-webdev.com\/wp-content\/uploads\/2025\/08\/Chanceliere-siege-auto-Noir.jpg","datePublished":"2026-02-13T10:19:22+00:00","dateModified":"2026-02-13T10:20:39+00:00","breadcrumb":{"@id":"https:\/\/ro-enfance.wild-webdev.com\/en\/product\/chanceliere-siege-auto-noir\/#breadcrumb"},"inLanguage":"en-US","potentialAction":[{"@type":"ReadAction","target":["https:\/\/ro-enfance.wild-webdev.com\/en\/product\/chanceliere-siege-auto-noir\/"]}]},{"@type":"ImageObject","inLanguage":"en-US","@id":"https:\/\/ro-enfance.wild-webdev.com\/en\/product\/chanceliere-siege-auto-noir\/#primaryimage","url":"https:\/\/ro-enfance.wild-webdev.com\/wp-content\/uploads\/2025\/08\/Chanceliere-siege-auto-Noir.jpg","contentUrl":"https:\/\/ro-enfance.wild-webdev.com\/wp-content\/uploads\/2025\/08\/Chanceliere-siege-auto-Noir.jpg","width":800,"height":800},{"@type":"BreadcrumbList","@id":"https:\/\/ro-enfance.wild-webdev.com\/en\/product\/chanceliere-siege-auto-noir\/#breadcrumb","itemListElement":[{"@type":"ListItem","position":1,"name":"Home","item":"https:\/\/ro-enfance.wild-webdev.com\/en\/"},{"@type":"ListItem","position":2,"name":"Shop","item":"https:\/\/ro-enfance.wild-webdev.com\/en\/shop\/"},{"@type":"ListItem","position":3,"name":"Chanceli\u00e8re si\u00e8ge auto Noir"}]},{"@type":"WebSite","@id":"https:\/\/ro-enfance.wild-webdev.com\/en\/#website","url":"https:\/\/ro-enfance.wild-webdev.com\/en\/","name":"Round Office Petite enfance","description":"","publisher":{"@id":"https:\/\/ro-enfance.wild-webdev.com\/en\/#organization"},"potentialAction":[{"@type":"SearchAction","target":{"@type":"EntryPoint","urlTemplate":"https:\/\/ro-enfance.wild-webdev.com\/en\/?s={search_term_string}"},"query-input":{"@type":"PropertyValueSpecification","valueRequired":true,"valueName":"search_term_string"}}],"inLanguage":"en-US"},{"@type":"Organization","@id":"https:\/\/ro-enfance.wild-webdev.com\/en\/#organization","name":"Round Office Petite enfance","url":"https:\/\/ro-enfance.wild-webdev.com\/en\/","logo":{"@type":"ImageObject","inLanguage":"en-US","@id":"https:\/\/ro-enfance.wild-webdev.com\/en\/#\/schema\/logo\/image\/","url":"https:\/\/ro-enfance.wild-webdev.com\/wp-content\/uploads\/2025\/07\/ro-pe-logo.png","contentUrl":"https:\/\/ro-enfance.wild-webdev.com\/wp-content\/uploads\/2025\/07\/ro-pe-logo.png","width":1622,"height":429,"caption":"Round Office Petite enfance"},"image":{"@id":"https:\/\/ro-enfance.wild-webdev.com\/en\/#\/schema\/logo\/image\/"}}]}},"_links":{"self":[{"href":"https:\/\/ro-enfance.wild-webdev.com\/en\/wp-json\/wp\/v2\/product\/4601","targetHints":{"allow":["GET"]}}],"collection":[{"href":"https:\/\/ro-enfance.wild-webdev.com\/en\/wp-json\/wp\/v2\/product"}],"about":[{"href":"https:\/\/ro-enfance.wild-webdev.com\/en\/wp-json\/wp\/v2\/types\/product"}],"wp:featuredmedia":[{"embeddable":true,"href":"https:\/\/ro-enfance.wild-webdev.com\/en\/wp-json\/wp\/v2\/media\/4489"}],"wp:attachment":[{"href":"https:\/\/ro-enfance.wild-webdev.com\/en\/wp-json\/wp\/v2\/media?parent=4601"}],"wp:term":[{"taxonomy":"product_brand","embeddable":true,"href":"https:\/\/ro-enfance.wild-webdev.com\/en\/wp-json\/wp\/v2\/product_brand?post=4601"},{"taxonomy":"product_cat","embeddable":true,"href":"https:\/\/ro-enfance.wild-webdev.com\/en\/wp-json\/wp\/v2\/product_cat?post=4601"},{"taxonomy":"product_tag","embeddable":true,"href":"https:\/\/ro-enfance.wild-webdev.com\/en\/wp-json\/wp\/v2\/product_tag?post=4601"}],"curies":[{"name":"wp","href":"https:\/\/api.w.org\/{rel}","templated":true}]}}